{"id":142,"date":"2022-04-05T20:14:22","date_gmt":"2022-04-05T18:14:22","guid":{"rendered":"https:\/\/lautfunk.uber.space\/evilangelx3\/?page_id=142"},"modified":"2025-01-31T23:08:29","modified_gmt":"2025-01-31T22:08:29","slug":"impressum","status":"publish","type":"page","link":"https:\/\/lautfunk.uber.space\/evilangelx3\/impressum\/","title":{"rendered":"Impressum"},"content":{"rendered":"<p><strong>Inhaltlich Verantwortlicher:<\/strong><br \/>\nSascha Markmann<br \/>\nC\/o Rechtsanwalts-Kanzlei Ralf Ohlinger<br \/>\nMont-Cenis-Stra\u00dfe 246<br \/>\n44627 Herne, Deutschland<\/p>\n<p><strong>Kontakt:<\/strong><br \/>\nTelefon: 0231 53075818<br \/>\nFax: 0231 53071924<br \/>\nE-Mail: <a rel=\"noopener\">info.lautfunk@ist-einmalig.de<\/a><\/p>\n<hr \/>\n<p><strong>Journalistisch-redaktionelle Angebote:<\/strong><br \/>\nSascha Markmann<br \/>\nC\/o Rechtsanwalts-Kanzlei Ralf Ohlinger<br \/>\nMont-Cenis-Stra\u00dfe 246<br \/>\n44627 Herne, Deutschland<\/p>\n<p><strong>Audiovisuelle Mediendienste:<\/strong><br \/>\nSitzland: Deutschland<\/p>\n<p><strong>Zust\u00e4ndige Aufsichtsbeh\u00f6rde:<\/strong><br \/>\nLandesanstalt f\u00fcr Medien NRW<br \/>\n<a href=\"https:\/\/www.medienanstalt-nrw.de\/\" target=\"_new\" rel=\"noopener\">https:\/\/www.medienanstalt-nrw.de\/<\/a><\/p>\n<hr \/>\n<p><strong>Social Media und Onlinepr\u00e4senzen:<\/strong><br \/>\nDieses Impressum gilt auch f\u00fcr folgende Social-Media-Profile und Onlineangebote:<\/p>\n<ul>\n<li><strong>Lautfunk:<\/strong> <a href=\"https:\/\/lautfunk.uber.space\/\" target=\"_new\" rel=\"noopener\">https:\/\/lautfunk.uber.space\/<\/a><\/li>\n<li><strong>Monolog Podcast:<\/strong> <a href=\"https:\/\/lautfunk.uber.space\/monolog\/\" target=\"_new\" rel=\"noopener\">https:\/\/lautfunk.uber.space\/monolog\/<\/a><\/li>\n<li><strong>Probe Podcast:<\/strong> <a href=\"https:\/\/lautfunk.uber.space\/probepodcast\/\" target=\"_new\" rel=\"noopener\">https:\/\/lautfunk.uber.space\/probepodcast\/<\/a><\/li>\n<li><strong>Raumwelle Musik:<\/strong> <a href=\"https:\/\/lautfunk.uber.space\/raumwelle\/\" target=\"_new\" rel=\"noopener\">https:\/\/lautfunk.uber.space\/raumwelle\/<\/a><\/li>\n<\/ul>\n<hr \/>\n<p><strong>YouTube:<\/strong><\/p>\n<ul>\n<li><a href=\"https:\/\/www.youtube.com\/channel\/UCaMJabuMEjKpXKlit9H0rKA?cbrd=1&amp;ucbcb=1\" target=\"_new\" rel=\"noopener\">YouTube Kanal 1<\/a><\/li>\n<li><a href=\"https:\/\/www.youtube.com\/channel\/UCFNhfINMz3Vdr45v3k2U2yA?cbrd=1&amp;ucbcb=1\" target=\"_new\" rel=\"noopener\">YouTube Kanal 2<\/a><\/li>\n<li><a href=\"https:\/\/www.youtube.com\/user\/RaumwelleMusik?cbrd=1&amp;ucbcb=1\" target=\"_new\" rel=\"noopener\">Raumwelle Musik<\/a><\/li>\n<\/ul>\n<p><strong>Instagram:<\/strong><\/p>\n<ul>\n<li><a href=\"https:\/\/www.instagram.com\/accounts\/login\/?next=https%3A%2F%2Fwww.instagram.com%2Flautfunk%2F&amp;is_from_rle\" target=\"_new\" rel=\"noopener\">Lautfunk Instagram<\/a><\/li>\n<\/ul>\n<p><strong>Facebook:<\/strong><\/p>\n<ul>\n<li><a href=\"https:\/\/www.facebook.com\/sascha.markmann\" target=\"_new\" rel=\"noopener\">Sascha Markmann Facebook<\/a><\/li>\n<li><a href=\"https:\/\/www.facebook.com\/Lautfunk.Netzwerk\/\" target=\"_new\" rel=\"noopener\">Lautfunk Netzwerk Facebook<\/a><\/li>\n<li><a href=\"https:\/\/www.facebook.com\/login\/?next=https%3A%2F%2Fwww.facebook.com%2Fgroups%2F211779435536925%2F\" target=\"_new\" rel=\"noopener\">Lautfunk Gruppe<\/a><\/li>\n<\/ul>\n<p><strong>Pinterest:<\/strong><\/p>\n<ul>\n<li><a href=\"#\" rel=\"noopener\">Pinterest Profil<\/a><\/li>\n<\/ul>\n<p><strong>TikTok:<\/strong><\/p>\n<ul>\n<li><a href=\"https:\/\/www.tiktok.com\/@lautfunk\" target=\"_new\" rel=\"noopener\">TikTok Lautfunk<\/a><\/li>\n<\/ul>\n<p><strong>Twitter:<\/strong><\/p>\n<ul>\n<li><a href=\"#\" rel=\"noopener\">Twitter Raumwelle<\/a><\/li>\n<li><a href=\"#\" rel=\"noopener\">Twitter LautFunk<\/a><\/li>\n<li><a href=\"#\" rel=\"noopener\">Twitter Diarium eines Wolkenschieber<\/a><\/li>\n<\/ul>\n<p><strong>Tumblr:<\/strong><\/p>\n<ul>\n<li><a href=\"https:\/\/www.tumblr.com\/privacy\/consent\/begin?redirect=https%3A%2F%2Fwww.tumblr.com%2Flogin_required%2Flautfunk&amp;v=2\" target=\"_new\" rel=\"noopener\">Lautfunk Tumblr<\/a><\/li>\n<\/ul>\n<p><strong>AllMyLinks:<\/strong><\/p>\n<ul>\n<li><a href=\"https:\/\/allmylinks.com\/raumwelle\" target=\"_new\" rel=\"noopener\">Raumwelle AllMyLinks<\/a><\/li>\n<\/ul>\n<p><strong>Linktree:<\/strong><\/p>\n<ul>\n<li><a href=\"https:\/\/linktr.ee\/LautFunk\" target=\"_new\" rel=\"noopener\">Lautfunk Linktree<\/a><\/li>\n<\/ul>\n<p><strong>evilangelx3:<\/strong><\/p>\n<ul>\n<li><a href=\"https:\/\/lautfunk.uber.space\/evilangelx3\/\" target=\"_new\" rel=\"noopener\">evilangelx3<\/a><\/li>\n<\/ul>\n<hr \/>\n<p><strong>Haftungs- und Schutzrechtshinweise<\/strong><\/p>\n<p><strong>Haftungsausschluss:<\/strong><br \/>\nDie Inhalte dieser Webseite wurden sorgf\u00e4ltig erstellt und dienen der Information. Sie haben keine rechtlich bindende Wirkung, au\u00dfer es handelt sich um gesetzlich vorgeschriebene Informationen wie das Impressum, Datenschutzerkl\u00e4rungen oder AGB. Wir behalten uns vor, die Inhalte jederzeit zu \u00e4ndern oder zu l\u00f6schen. Alle Angebote sind unverbindlich.<\/p>\n<p><strong>Links zu externen Webseiten:<\/strong><br \/>\nF\u00fcr Inhalte auf externen Webseiten, auf die wir verlinken, \u00fcbernehmen wir keine Verantwortung. Die Haftung f\u00fcr Sch\u00e4den, die durch die Nutzung externer Links entstehen, liegt bei den jeweiligen Betreibern der verlinkten Webseiten.<\/p>\n<p><strong>Urheberrechte und Markenrechte:<\/strong><br \/>\nDie Inhalte dieser Webseite, wie Texte, Bilder und Marken, sind urheberrechtlich gesch\u00fctzt. Die Vervielf\u00e4ltigung und Nutzung dieser Inhalte ist nur mit Zustimmung der jeweiligen Rechteinhaber erlaubt.<\/p>\n<p><strong>Hinweise auf Rechtsverst\u00f6\u00dfe:<\/strong><br \/>\nFalls du auf unserer Webseite Rechtsverst\u00f6\u00dfe entdeckst, informiere uns bitte. Wir werden rechtswidrige Inhalte nach Kenntnisnahme umgehend entfernen.<\/p>\n<div class=\"syndication-links\"><\/div>","protected":false},"excerpt":{"rendered":"<p>Inhaltlich Verantwortlicher: Sascha Markmann C\/o Rechtsanwalts-Kanzlei Ralf Ohlinger Mont-Cenis-Stra\u00dfe 246 44627 Herne, Deutschland Kontakt: Telefon: 0231 53075818 Fax: 0231 53071924 E-Mail: info.lautfunk@ist-einmalig.de Journalistisch-redaktionelle Angebote: Sascha Markmann C\/o Rechtsanwalts-Kanzlei Ralf Ohlinger Mont-Cenis-Stra\u00dfe 246 44627 Herne, Deutschland Audiovisuelle Mediendienste: Sitzland: Deutschland Zust\u00e4ndige Aufsichtsbeh\u00f6rde: Landesanstalt f\u00fcr Medien NRW https:\/\/www.medienanstalt-nrw.de\/ Social Media und Onlinepr\u00e4senzen: Dieses Impressum gilt auch f\u00fcr &hellip; <a href=\"https:\/\/lautfunk.uber.space\/evilangelx3\/impressum\/\" class=\"more-link\"><span class=\"screen-reader-text\">\u201eImpressum\u201c <\/span>weiterlesen<\/a><\/p>\n","protected":false},"author":1,"featured_media":0,"parent":0,"menu_order":0,"comment_status":"closed","ping_status":"closed","template":"","meta":{"wikipediapreview_detectlinks":true,"wprm-recipe-roundup-name":"","wprm-recipe-roundup-description":"","mf2_syndication":[],"jetpack_post_was_ever_published":false,"footnotes":""},"class_list":["post-142","page","type-page","status-publish","hentry"],"yoast_head":"<!-- This site is optimized with the Yoast SEO plugin v27.5 - https:\/\/yoast.com\/product\/yoast-seo-wordpress\/ -->\n<title>Impressum - Evilangelx3<\/title>\n<meta name=\"robots\" content=\"index, follow, max-snippet:-1, max-image-preview:large, max-video-preview:-1\" \/>\n<link rel=\"canonical\" href=\"https:\/\/lautfunk.uber.space\/evilangelx3\/impressum\/\" \/>\n<meta property=\"og:locale\" content=\"de_DE\" \/>\n<meta property=\"og:type\" content=\"article\" \/>\n<meta property=\"og:title\" content=\"Impressum - Evilangelx3\" \/>\n<meta property=\"og:description\" content=\"Inhaltlich Verantwortlicher: Sascha Markmann C\/o Rechtsanwalts-Kanzlei Ralf Ohlinger Mont-Cenis-Stra\u00dfe 246 44627 Herne, Deutschland Kontakt: Telefon: 0231 53075818 Fax: 0231 53071924 E-Mail: info.lautfunk@ist-einmalig.de Journalistisch-redaktionelle Angebote: Sascha Markmann C\/o Rechtsanwalts-Kanzlei Ralf Ohlinger Mont-Cenis-Stra\u00dfe 246 44627 Herne, Deutschland Audiovisuelle Mediendienste: Sitzland: Deutschland Zust\u00e4ndige Aufsichtsbeh\u00f6rde: Landesanstalt f\u00fcr Medien NRW https:\/\/www.medienanstalt-nrw.de\/ Social Media und Onlinepr\u00e4senzen: Dieses Impressum gilt auch f\u00fcr &hellip; \u201eImpressum\u201c weiterlesen\" \/>\n<meta property=\"og:url\" content=\"https:\/\/lautfunk.uber.space\/evilangelx3\/impressum\/\" \/>\n<meta property=\"og:site_name\" content=\"Evilangelx3\" \/>\n<meta property=\"article:publisher\" content=\"https:\/\/www.facebook.com\/sascha.markmann\" \/>\n<meta property=\"article:modified_time\" content=\"2025-01-31T22:08:29+00:00\" \/>\n<meta name=\"twitter:card\" content=\"summary_large_image\" \/>\n<meta name=\"twitter:site\" content=\"@raumwelle\" \/>\n<meta name=\"twitter:label1\" content=\"Gesch\u00e4tzte Lesezeit\" \/>\n\t<meta name=\"twitter:data1\" content=\"2\u00a0Minuten\" \/>\n<script type=\"application\/ld+json\" class=\"yoast-schema-graph\">{\"@context\":\"https:\\\/\\\/schema.org\",\"@graph\":[{\"@type\":\"WebPage\",\"@id\":\"https:\\\/\\\/lautfunk.uber.space\\\/evilangelx3\\\/impressum\\\/\",\"url\":\"https:\\\/\\\/lautfunk.uber.space\\\/evilangelx3\\\/impressum\\\/\",\"name\":\"Impressum - Evilangelx3\",\"isPartOf\":{\"@id\":\"https:\\\/\\\/lautfunk.uber.space\\\/evilangelx3\\\/#website\"},\"datePublished\":\"2022-04-05T18:14:22+00:00\",\"dateModified\":\"2025-01-31T22:08:29+00:00\",\"breadcrumb\":{\"@id\":\"https:\\\/\\\/lautfunk.uber.space\\\/evilangelx3\\\/impressum\\\/#breadcrumb\"},\"inLanguage\":\"de\",\"potentialAction\":[{\"@type\":\"ReadAction\",\"target\":[\"https:\\\/\\\/lautfunk.uber.space\\\/evilangelx3\\\/impressum\\\/\"]}]},{\"@type\":\"BreadcrumbList\",\"@id\":\"https:\\\/\\\/lautfunk.uber.space\\\/evilangelx3\\\/impressum\\\/#breadcrumb\",\"itemListElement\":[{\"@type\":\"ListItem\",\"position\":1,\"name\":\"Startseite\",\"item\":\"https:\\\/\\\/lautfunk.uber.space\\\/evilangelx3\\\/\"},{\"@type\":\"ListItem\",\"position\":2,\"name\":\"Impressum\"}]},{\"@type\":\"WebSite\",\"@id\":\"https:\\\/\\\/lautfunk.uber.space\\\/evilangelx3\\\/#website\",\"url\":\"https:\\\/\\\/lautfunk.uber.space\\\/evilangelx3\\\/\",\"name\":\"Evilangelx3\",\"description\":\"Auch Unsympathisch genannt\",\"publisher\":{\"@id\":\"https:\\\/\\\/lautfunk.uber.space\\\/evilangelx3\\\/#\\\/schema\\\/person\\\/eaaaeefee57a38cbe19f97caa2a20263\"},\"potentialAction\":[{\"@type\":\"SearchAction\",\"target\":{\"@type\":\"EntryPoint\",\"urlTemplate\":\"https:\\\/\\\/lautfunk.uber.space\\\/evilangelx3\\\/?s={search_term_string}\"},\"query-input\":{\"@type\":\"PropertyValueSpecification\",\"valueRequired\":true,\"valueName\":\"search_term_string\"}}],\"inLanguage\":\"de\"},{\"@type\":[\"Person\",\"Organization\"],\"@id\":\"https:\\\/\\\/lautfunk.uber.space\\\/evilangelx3\\\/#\\\/schema\\\/person\\\/eaaaeefee57a38cbe19f97caa2a20263\",\"name\":\"Sascha Markmann\",\"image\":{\"@type\":\"ImageObject\",\"inLanguage\":\"de\",\"@id\":\"https:\\\/\\\/lautfunk.uber.space\\\/evilangelx3\\\/wp-content\\\/uploads\\\/sites\\\/8\\\/2022\\\/03\\\/20220306_021235-e1647809816580.jpg\",\"url\":\"https:\\\/\\\/lautfunk.uber.space\\\/evilangelx3\\\/wp-content\\\/uploads\\\/sites\\\/8\\\/2022\\\/03\\\/20220306_021235-e1647809816580.jpg\",\"contentUrl\":\"https:\\\/\\\/lautfunk.uber.space\\\/evilangelx3\\\/wp-content\\\/uploads\\\/sites\\\/8\\\/2022\\\/03\\\/20220306_021235-e1647809816580.jpg\",\"width\":\"421\",\"height\":\"436\",\"caption\":\"Sascha Markmann\"},\"logo\":{\"@id\":\"https:\\\/\\\/lautfunk.uber.space\\\/evilangelx3\\\/wp-content\\\/uploads\\\/sites\\\/8\\\/2022\\\/03\\\/20220306_021235-e1647809816580.jpg\"},\"description\":\"Sascha Markmann ist ein kreativer Kopf mit bewegter Biografie: Informatiker, studierter Philosoph, Religionswissenschaftler und Psychologe \u2013 und gleichzeitig ein Mensch, der das Leben nach einem Schlaganfall ganz neu entdeckt hat. Nach Stationen als Rettungssanit\u00e4ter und Altenpfleger fand Sascha seinen Weg in die Welt des kreativen Ausdrucks: Als Blogger, Musiker, Podcaster, Philosoph und visueller Geschichtenerz\u00e4hler kombiniert er technisches Know-how mit emotionaler Tiefe und einem schr\u00e4gen Sinn f\u00fcr Humor. Seine Beitr\u00e4ge entstehen irgendwo zwischen Borderline, Acid Bassline und Beistand \u2013 ehrlich, direkt und gerne auch mal mit einem Augenzwinkern. Leitmotiv: \u201eAudiovisueller Stumpfsinn mit keinem Nutzwert \u2013 aber vielleicht genau deshalb so wertvoll.\u201c\",\"sameAs\":[\"https:\\\/\\\/lautfunk.uber.space\",\"https:\\\/\\\/www.facebook.com\\\/sascha.markmann\",\"https:\\\/\\\/www.instagram.com\\\/lautfunk\\\/\",\"https:\\\/\\\/www.linkedin.com\\\/in\\\/sascha-markmann-b46019137\\\/\",\"https:\\\/\\\/de.pinterest.com\\\/Raumwelle\\\/\",\"https:\\\/\\\/x.com\\\/raumwelle\",\"https:\\\/\\\/www.youtube.com\\\/user\\\/fellmensch\",\"https:\\\/\\\/www.tumblr.com\\\/lautfunk\"]}]}<\/script>\n<!-- \/ Yoast SEO plugin. -->","yoast_head_json":{"title":"Impressum - Evilangelx3","robots":{"index":"index","follow":"follow","max-snippet":"max-snippet:-1","max-image-preview":"max-image-preview:large","max-video-preview":"max-video-preview:-1"},"canonical":"https:\/\/lautfunk.uber.space\/evilangelx3\/impressum\/","og_locale":"de_DE","og_type":"article","og_title":"Impressum - Evilangelx3","og_description":"Inhaltlich Verantwortlicher: Sascha Markmann C\/o Rechtsanwalts-Kanzlei Ralf Ohlinger Mont-Cenis-Stra\u00dfe 246 44627 Herne, Deutschland Kontakt: Telefon: 0231 53075818 Fax: 0231 53071924 E-Mail: info.lautfunk@ist-einmalig.de Journalistisch-redaktionelle Angebote: Sascha Markmann C\/o Rechtsanwalts-Kanzlei Ralf Ohlinger Mont-Cenis-Stra\u00dfe 246 44627 Herne, Deutschland Audiovisuelle Mediendienste: Sitzland: Deutschland Zust\u00e4ndige Aufsichtsbeh\u00f6rde: Landesanstalt f\u00fcr Medien NRW https:\/\/www.medienanstalt-nrw.de\/ Social Media und Onlinepr\u00e4senzen: Dieses Impressum gilt auch f\u00fcr &hellip; \u201eImpressum\u201c weiterlesen","og_url":"https:\/\/lautfunk.uber.space\/evilangelx3\/impressum\/","og_site_name":"Evilangelx3","article_publisher":"https:\/\/www.facebook.com\/sascha.markmann","article_modified_time":"2025-01-31T22:08:29+00:00","twitter_card":"summary_large_image","twitter_site":"@raumwelle","twitter_misc":{"Gesch\u00e4tzte Lesezeit":"2\u00a0Minuten"},"schema":{"@context":"https:\/\/schema.org","@graph":[{"@type":"WebPage","@id":"https:\/\/lautfunk.uber.space\/evilangelx3\/impressum\/","url":"https:\/\/lautfunk.uber.space\/evilangelx3\/impressum\/","name":"Impressum - Evilangelx3","isPartOf":{"@id":"https:\/\/lautfunk.uber.space\/evilangelx3\/#website"},"datePublished":"2022-04-05T18:14:22+00:00","dateModified":"2025-01-31T22:08:29+00:00","breadcrumb":{"@id":"https:\/\/lautfunk.uber.space\/evilangelx3\/impressum\/#breadcrumb"},"inLanguage":"de","potentialAction":[{"@type":"ReadAction","target":["https:\/\/lautfunk.uber.space\/evilangelx3\/impressum\/"]}]},{"@type":"BreadcrumbList","@id":"https:\/\/lautfunk.uber.space\/evilangelx3\/impressum\/#breadcrumb","itemListElement":[{"@type":"ListItem","position":1,"name":"Startseite","item":"https:\/\/lautfunk.uber.space\/evilangelx3\/"},{"@type":"ListItem","position":2,"name":"Impressum"}]},{"@type":"WebSite","@id":"https:\/\/lautfunk.uber.space\/evilangelx3\/#website","url":"https:\/\/lautfunk.uber.space\/evilangelx3\/","name":"Evilangelx3","description":"Auch Unsympathisch genannt","publisher":{"@id":"https:\/\/lautfunk.uber.space\/evilangelx3\/#\/schema\/person\/eaaaeefee57a38cbe19f97caa2a20263"},"potentialAction":[{"@type":"SearchAction","target":{"@type":"EntryPoint","urlTemplate":"https:\/\/lautfunk.uber.space\/evilangelx3\/?s={search_term_string}"},"query-input":{"@type":"PropertyValueSpecification","valueRequired":true,"valueName":"search_term_string"}}],"inLanguage":"de"},{"@type":["Person","Organization"],"@id":"https:\/\/lautfunk.uber.space\/evilangelx3\/#\/schema\/person\/eaaaeefee57a38cbe19f97caa2a20263","name":"Sascha Markmann","image":{"@type":"ImageObject","inLanguage":"de","@id":"https:\/\/lautfunk.uber.space\/evilangelx3\/wp-content\/uploads\/sites\/8\/2022\/03\/20220306_021235-e1647809816580.jpg","url":"https:\/\/lautfunk.uber.space\/evilangelx3\/wp-content\/uploads\/sites\/8\/2022\/03\/20220306_021235-e1647809816580.jpg","contentUrl":"https:\/\/lautfunk.uber.space\/evilangelx3\/wp-content\/uploads\/sites\/8\/2022\/03\/20220306_021235-e1647809816580.jpg","width":"421","height":"436","caption":"Sascha Markmann"},"logo":{"@id":"https:\/\/lautfunk.uber.space\/evilangelx3\/wp-content\/uploads\/sites\/8\/2022\/03\/20220306_021235-e1647809816580.jpg"},"description":"Sascha Markmann ist ein kreativer Kopf mit bewegter Biografie: Informatiker, studierter Philosoph, Religionswissenschaftler und Psychologe \u2013 und gleichzeitig ein Mensch, der das Leben nach einem Schlaganfall ganz neu entdeckt hat. Nach Stationen als Rettungssanit\u00e4ter und Altenpfleger fand Sascha seinen Weg in die Welt des kreativen Ausdrucks: Als Blogger, Musiker, Podcaster, Philosoph und visueller Geschichtenerz\u00e4hler kombiniert er technisches Know-how mit emotionaler Tiefe und einem schr\u00e4gen Sinn f\u00fcr Humor. Seine Beitr\u00e4ge entstehen irgendwo zwischen Borderline, Acid Bassline und Beistand \u2013 ehrlich, direkt und gerne auch mal mit einem Augenzwinkern. Leitmotiv: \u201eAudiovisueller Stumpfsinn mit keinem Nutzwert \u2013 aber vielleicht genau deshalb so wertvoll.\u201c","sameAs":["https:\/\/lautfunk.uber.space","https:\/\/www.facebook.com\/sascha.markmann","https:\/\/www.instagram.com\/lautfunk\/","https:\/\/www.linkedin.com\/in\/sascha-markmann-b46019137\/","https:\/\/de.pinterest.com\/Raumwelle\/","https:\/\/x.com\/raumwelle","https:\/\/www.youtube.com\/user\/fellmensch","https:\/\/www.tumblr.com\/lautfunk"]}]}},"jetpack-related-posts":[{"id":9,"url":"https:\/\/lautfunk.uber.space\/evilangelx3\/rueckerstattung_rueckgaben\/","url_meta":{"origin":142,"position":0},"title":"Richtlinie f\u00fcr R\u00fcckerstattungen und R\u00fcckgaben","author":"Sascha","date":"25. M\u00e4rz 2022","format":false,"excerpt":"Widerrufsrecht f\u00fcr Verbraucher Verbrauchern steht ein Widerrufsrecht nach folgender Ma\u00dfgabe zu, wobei Verbraucher jede nat\u00fcrliche Person ist, die ein Rechtsgesch\u00e4ft zu Zwecken abschlie\u00dft, die \u00fcberwiegend weder ihrer gewerblichen noch ihrer selbst\u00e4ndigen beruflichen T\u00e4tigkeit zugerechnet werden k\u00f6nnen: WiderrufsbelehrungWiderrufsrecht Sie haben das Recht, binnen vierzehn Tagen ohne Angabe von Gr\u00fcnden diesen Vertrag\u2026","rel":"","context":"\u00c4hnlicher Beitrag","block_context":{"text":"\u00c4hnlicher Beitrag","link":""},"img":{"alt_text":"","src":"","width":0,"height":0},"classes":[]},{"id":106,"url":"https:\/\/lautfunk.uber.space\/evilangelx3\/widerrufsbestimmungen\/","url_meta":{"origin":142,"position":1},"title":"Widerrufsbestimmungen","author":"Sascha","date":"25. M\u00e4rz 2022","format":false,"excerpt":"Widerrufsrecht f\u00fcr Verbraucher Verbrauchern steht ein Widerrufsrecht nach folgender Ma\u00dfgabe zu, wobei Verbraucher jede nat\u00fcrliche Person ist, die ein Rechtsgesch\u00e4ft zu Zwecken abschlie\u00dft, die \u00fcberwiegend weder ihrer gewerblichen noch ihrer selbst\u00e4ndigen beruflichen T\u00e4tigkeit zugerechnet werden k\u00f6nnen: WiderrufsbelehrungWiderrufsrecht Sie haben das Recht, binnen vierzehn Tagen ohne Angabe von Gr\u00fcnden diesen Vertrag\u2026","rel":"","context":"\u00c4hnlicher Beitrag","block_context":{"text":"\u00c4hnlicher Beitrag","link":""},"img":{"alt_text":"","src":"","width":0,"height":0},"classes":[]},{"id":100,"url":"https:\/\/lautfunk.uber.space\/evilangelx3\/agb\/","url_meta":{"origin":142,"position":2},"title":"AGB","author":"Sascha","date":"25. M\u00e4rz 2022","format":false,"excerpt":"Allgemeine Gesch\u00e4ftsbedingungen (AGB) der Firma LautFunk \u00a71 Geltungsbereich und Begriffsdefinitionen (1) Diese Allgemeinen Gesch\u00e4ftsbedingungen (AGB) gelten f\u00fcr alle Vertr\u00e4ge zwischen LautFunk und Verbrauchern in der zum Zeitpunkt der Bestellung g\u00fcltigen Fassung. (2) Verbraucher im Sinne dieser AGB ist jede nat\u00fcrliche Person, die ein Rechtsgesch\u00e4ft zu Zwecken abschlie\u00dft, die \u00fcberwiegend weder\u2026","rel":"","context":"\u00c4hnlicher Beitrag","block_context":{"text":"\u00c4hnlicher Beitrag","link":""},"img":{"alt_text":"","src":"","width":0,"height":0},"classes":[]},{"id":103,"url":"https:\/\/lautfunk.uber.space\/evilangelx3\/datenschutzerklaerung\/","url_meta":{"origin":142,"position":3},"title":"Datenschutzerkl\u00e4rung","author":"Sascha","date":"25. M\u00e4rz 2022","format":false,"excerpt":"Sie ist g\u00fcltig f\u00fcr folgende Seiten: Lautfunk https:\/\/lautfunk.uber.space\/ Monolog Podcast https:\/\/lautfunk.uber.space\/monolog\/ Probe Podcast https:\/\/lautfunk.uber.space\/probepodcast\/ Raumwelle Musik https:\/\/lautfunk.uber.space\/raumwelle\/ Diarium Podcast https:\/\/lautfunk.uber.space\/diarium\/ Passion's Novella https:\/\/lautfunk.uber.space\/passions\/ YouTube https:\/\/www.youtube.com\/channel\/UCaMJabuMEjKpXKlit9H0rKA https:\/\/www.youtube.com\/channel\/UCFNhfINMz3Vdr45v3k2U2yA https:\/\/www.youtube.com\/user\/RaumwelleMusik Instagram https:\/\/www.instagram.com\/lautfunk\/ Facebook https:\/\/www.facebook.com\/sascha.markmann https:\/\/www.facebook.com\/Lautfunk.Netzwerk\/ https:\/\/www.facebook.com\/groups\/211779435536925\/ Pinterest Pinterest Profiel TikTok https:\/\/www.tiktok.com\/@lautfunk Twitter Twitter Profel Raumwelle Twitter Profiel LautFunk Twitter Profiel Diarium eines Wolkenschieber\u2026","rel":"","context":"In \"23282d\"","block_context":{"text":"23282d","link":"https:\/\/lautfunk.uber.space\/evilangelx3\/tag\/23282d\/"},"img":{"alt_text":"","src":"","width":0,"height":0},"classes":[]},{"id":191,"url":"https:\/\/lautfunk.uber.space\/evilangelx3\/die-gesichte-des-aluhutes\/","url_meta":{"origin":142,"position":4},"title":"Die Geschichte des Aluhutes","author":"Sascha Markmann","date":"22. Mai 2022","format":false,"excerpt":"Mysterium des Aluhutes Zu aller erst mal Gratulation, dass ihr es bis hier hergeschafft habt Kinder. Ihr k\u00f6nnt stolz auf euch sein. Ganz toll. Super mega Spitze \ud83d\udc4d. Nun, der Hut ist ein Meisterwerk, das von Lautfunk hergestellt wurde. Viel Liebe, Schwei\u00df und Blut sind in diese Arbeit geflossen. Dieses\u2026","rel":"","context":"In &quot;Allgemein&quot;","block_context":{"text":"Allgemein","link":"https:\/\/lautfunk.uber.space\/evilangelx3\/category\/allgemein\/"},"img":{"alt_text":"","src":"https:\/\/i0.wp.com\/lautfunk.uber.space\/evilangelx3\/wp-content\/uploads\/sites\/8\/2022\/05\/20220523_205735.jpg?resize=350%2C200&ssl=1","width":350,"height":200,"srcset":"https:\/\/i0.wp.com\/lautfunk.uber.space\/evilangelx3\/wp-content\/uploads\/sites\/8\/2022\/05\/20220523_205735.jpg?resize=350%2C200&ssl=1 1x, https:\/\/i0.wp.com\/lautfunk.uber.space\/evilangelx3\/wp-content\/uploads\/sites\/8\/2022\/05\/20220523_205735.jpg?resize=525%2C300&ssl=1 1.5x, https:\/\/i0.wp.com\/lautfunk.uber.space\/evilangelx3\/wp-content\/uploads\/sites\/8\/2022\/05\/20220523_205735.jpg?resize=700%2C400&ssl=1 2x"},"classes":[]},{"id":31,"url":"https:\/\/lautfunk.uber.space\/evilangelx3\/","url_meta":{"origin":142,"position":5},"title":"Sarah @evilangelx3","author":"Sascha","date":"21. M\u00e4rz 2022","format":false,"excerpt":"Live Steam immer ab 20:00 auf Twitch erst Fortnite, danach Fall Guys. Die Stimme aus dem Off LautFunk Der Comunity Discord Zur die Geschichte des Aluhutes Technik die ich verwende Thomann Technik die ich verwende Amazon Der Comunity Discord evilangelx3: Ich bin Sarah 28 alias Evilangelx3 aus NRW. Hier findet\u2026","rel":"","context":"\u00c4hnlicher Beitrag","block_context":{"text":"\u00c4hnlicher Beitrag","link":""},"img":{"alt_text":"","src":"https:\/\/i0.wp.com\/lautfunk.uber.space\/evilangelx3\/wp-content\/uploads\/sites\/8\/2022\/03\/FB_IMG_1565792132744.jpg?resize=350%2C200&ssl=1","width":350,"height":200,"srcset":"https:\/\/i0.wp.com\/lautfunk.uber.space\/evilangelx3\/wp-content\/uploads\/sites\/8\/2022\/03\/FB_IMG_1565792132744.jpg?resize=350%2C200&ssl=1 1x, https:\/\/i0.wp.com\/lautfunk.uber.space\/evilangelx3\/wp-content\/uploads\/sites\/8\/2022\/03\/FB_IMG_1565792132744.jpg?resize=525%2C300&ssl=1 1.5x, https:\/\/i0.wp.com\/lautfunk.uber.space\/evilangelx3\/wp-content\/uploads\/sites\/8\/2022\/03\/FB_IMG_1565792132744.jpg?resize=700%2C400&ssl=1 2x, https:\/\/i0.wp.com\/lautfunk.uber.space\/evilangelx3\/wp-content\/uploads\/sites\/8\/2022\/03\/FB_IMG_1565792132744.jpg?resize=1050%2C600&ssl=1 3x, https:\/\/i0.wp.com\/lautfunk.uber.space\/evilangelx3\/wp-content\/uploads\/sites\/8\/2022\/03\/FB_IMG_1565792132744.jpg?resize=1400%2C800&ssl=1 4x"},"classes":[]}],"jetpack_sharing_enabled":true,"_links":{"self":[{"href":"https:\/\/lautfunk.uber.space\/evilangelx3\/wp-json\/wp\/v2\/pages\/142","targetHints":{"allow":["GET"]}}],"collection":[{"href":"https:\/\/lautfunk.uber.space\/evilangelx3\/wp-json\/wp\/v2\/pages"}],"about":[{"href":"https:\/\/lautfunk.uber.space\/evilangelx3\/wp-json\/wp\/v2\/types\/page"}],"author":[{"embeddable":true,"href":"https:\/\/lautfunk.uber.space\/evilangelx3\/wp-json\/wp\/v2\/users\/1"}],"replies":[{"embeddable":true,"href":"https:\/\/lautfunk.uber.space\/evilangelx3\/wp-json\/wp\/v2\/comments?post=142"}],"version-history":[{"count":3,"href":"https:\/\/lautfunk.uber.space\/evilangelx3\/wp-json\/wp\/v2\/pages\/142\/revisions"}],"predecessor-version":[{"id":573,"href":"https:\/\/lautfunk.uber.space\/evilangelx3\/wp-json\/wp\/v2\/pages\/142\/revisions\/573"}],"wp:attachment":[{"href":"https:\/\/lautfunk.uber.space\/evilangelx3\/wp-json\/wp\/v2\/media?parent=142"}],"curies":[{"name":"wp","href":"https:\/\/api.w.org\/{rel}","templated":true}]}}