{"id":9,"date":"2018-07-24T11:44:59","date_gmt":"2018-07-24T09:44:59","guid":{"rendered":"https:\/\/lautfunk.uber.space\/raumwelle\/?page_id=9"},"modified":"2025-02-28T22:47:04","modified_gmt":"2025-02-28T21:47:04","slug":"raumwelle-musik","status":"publish","type":"page","link":"https:\/\/lautfunk.uber.space\/raumwelle\/","title":{"rendered":"Willkommen auf der Raumwelle Seite"},"content":{"rendered":"\n<p><strong>Raumwelle: Elektronische Musik in all ihren Facetten<\/strong><\/p>\n\n\n\n<p>Das Projekt <strong>Raumwelle<\/strong> steht f\u00fcr eine spannende Reise durch die Welten der elektronischen Musik, gepr\u00e4gt von Kreativit\u00e4t und klanglicher Vielfalt. Die Musik von Raumwelle kombiniert sph\u00e4rische Ambient-Sounds, Goa-Elemente und Einfl\u00fcsse aus Pop und anderen elektronischen Genres, um ein einzigartiges H\u00f6rerlebnis zu schaffen.<\/p>\n\n\n\n<p>Ein zentraler Bestandteil des Projekts ist die Zusammenarbeit verschiedener kreativer K\u00f6pfe. <strong>Sarah Abel<\/strong> bringt mit ihren tiefgr\u00fcndigen Texten und ihrem Talent als Komponistin eine besondere Dynamik in die Musik ein, die Raumwelle weit \u00fcber die Grenzen klassischer Genres hinaushebt.<\/p>\n\n\n\n<p>Die Wurzeln des Projekts reichen weit zur\u00fcck: <strong>Sascha Markmann<\/strong> entwickelte mit seiner Vorliebe f\u00fcr synthetische Kl\u00e4nge und innovatives Sounddesign den unverwechselbaren Stil von Raumwelle. Neben Live-Performances und Ver\u00f6ffentlichungen auf kleineren Netlabels bleibt er offen f\u00fcr neue Einfl\u00fcsse und experimentelle Ans\u00e4tze.<\/p>\n\n\n\n<p>Raumwelle steht f\u00fcr die stetige Weiterentwicklung elektronischer Musik \u2013 vom pulsierenden Rhythmus bis hin zu spacigen Klangwelten, immer getragen von der Leidenschaft, neue akustische Dimensionen zu erkunden.<\/p>\n\n\n\n<div style=\"height:26px\" aria-hidden=\"true\" class=\"wp-block-spacer\"><\/div>\n\n\n\n<figure class=\"wp-block-gallery has-nested-images columns-default is-cropped wp-block-gallery-2 is-layout-flex wp-block-gallery-is-layout-flex\">\n<figure class=\"wp-block-image size-large\"><img data-dominant-color=\"33302c\" data-has-transparency=\"false\" style=\"--dominant-color: #33302c;\" loading=\"lazy\" decoding=\"async\" width=\"1024\" height=\"1024\" sizes=\"auto, (max-width: 709px) 85vw, (max-width: 909px) 67vw, (max-width: 1362px) 62vw, 840px\" data-id=\"1126\" src=\"https:\/\/lautfunk.uber.space\/raumwelle\/wp-content\/uploads\/sites\/5\/2024\/12\/1000044761_Glitch.2jpg-1024x1024.jpg\" alt=\"\" class=\"wp-image-1126 not-transparent\" srcset=\"https:\/\/lautfunk.uber.space\/raumwelle\/wp-content\/uploads\/sites\/5\/2024\/12\/1000044761_Glitch.2jpg-1024x1024.jpg 1024w, https:\/\/lautfunk.uber.space\/raumwelle\/wp-content\/uploads\/sites\/5\/2024\/12\/1000044761_Glitch.2jpg-300x300.jpg 300w, https:\/\/lautfunk.uber.space\/raumwelle\/wp-content\/uploads\/sites\/5\/2024\/12\/1000044761_Glitch.2jpg-150x150.jpg 150w, https:\/\/lautfunk.uber.space\/raumwelle\/wp-content\/uploads\/sites\/5\/2024\/12\/1000044761_Glitch.2jpg-768x768.jpg 768w, https:\/\/lautfunk.uber.space\/raumwelle\/wp-content\/uploads\/sites\/5\/2024\/12\/1000044761_Glitch.2jpg-100x100.jpg 100w, https:\/\/lautfunk.uber.space\/raumwelle\/wp-content\/uploads\/sites\/5\/2024\/12\/1000044761_Glitch.2jpg.jpg 1536w\" \/><\/figure>\n\n\n\n<figure class=\"wp-block-image size-full\"><img data-dominant-color=\"50584d\" data-has-transparency=\"false\" style=\"--dominant-color: #50584d;\" loading=\"lazy\" decoding=\"async\" width=\"795\" height=\"800\" sizes=\"auto, (max-width: 709px) 85vw, (max-width: 909px) 67vw, (max-width: 1362px) 62vw, 840px\" data-id=\"1124\" src=\"https:\/\/lautfunk.uber.space\/raumwelle\/wp-content\/uploads\/sites\/5\/2024\/12\/1695116293810_1695116406183.jpg\" alt=\"\" class=\"wp-image-1124 not-transparent\" srcset=\"https:\/\/lautfunk.uber.space\/raumwelle\/wp-content\/uploads\/sites\/5\/2024\/12\/1695116293810_1695116406183.jpg 795w, https:\/\/lautfunk.uber.space\/raumwelle\/wp-content\/uploads\/sites\/5\/2024\/12\/1695116293810_1695116406183-298x300.jpg 298w, https:\/\/lautfunk.uber.space\/raumwelle\/wp-content\/uploads\/sites\/5\/2024\/12\/1695116293810_1695116406183-150x150.jpg 150w, https:\/\/lautfunk.uber.space\/raumwelle\/wp-content\/uploads\/sites\/5\/2024\/12\/1695116293810_1695116406183-768x773.jpg 768w, https:\/\/lautfunk.uber.space\/raumwelle\/wp-content\/uploads\/sites\/5\/2024\/12\/1695116293810_1695116406183-100x100.jpg 100w\" \/><\/figure>\n<\/figure>\n\n\n<div class=\"wp-block-image\">\n<figure class=\"aligncenter size-large\"><img data-dominant-color=\"5d6969\" data-has-transparency=\"false\" style=\"--dominant-color: #5d6969;\" loading=\"lazy\" decoding=\"async\" width=\"1024\" height=\"1024\" sizes=\"auto, (max-width: 709px) 85vw, (max-width: 909px) 67vw, (max-width: 1362px) 62vw, 840px\" src=\"https:\/\/lautfunk.uber.space\/raumwelle\/wp-content\/uploads\/sites\/5\/2024\/12\/1733902380526-1024x1024.jpg\" alt=\"\" class=\"wp-image-1127 not-transparent\" srcset=\"https:\/\/lautfunk.uber.space\/raumwelle\/wp-content\/uploads\/sites\/5\/2024\/12\/1733902380526-1024x1024.jpg 1024w, https:\/\/lautfunk.uber.space\/raumwelle\/wp-content\/uploads\/sites\/5\/2024\/12\/1733902380526-300x300.jpg 300w, https:\/\/lautfunk.uber.space\/raumwelle\/wp-content\/uploads\/sites\/5\/2024\/12\/1733902380526-150x150.jpg 150w, https:\/\/lautfunk.uber.space\/raumwelle\/wp-content\/uploads\/sites\/5\/2024\/12\/1733902380526-768x768.jpg 768w, https:\/\/lautfunk.uber.space\/raumwelle\/wp-content\/uploads\/sites\/5\/2024\/12\/1733902380526-100x100.jpg 100w, https:\/\/lautfunk.uber.space\/raumwelle\/wp-content\/uploads\/sites\/5\/2024\/12\/1733902380526.jpg 1200w\" \/><\/figure>\n<\/div>\n\n\n<figure class=\"wp-block-embed is-type-rich is-provider-spotify wp-block-embed-spotify\"><div class=\"wp-block-embed__wrapper\">\n<iframe title=\"Spotify Embed: Raumwelle\" style=\"border-radius: 12px\" width=\"100%\" height=\"352\" frameborder=\"0\" allowfullscreen allow=\"autoplay; clipboard-write; encrypted-media; fullscreen; picture-in-picture\" loading=\"lazy\" src=\"https:\/\/open.spotify.com\/embed\/artist\/2Hg0rka2dT6sZt0mSVub0C?si=XsvpKomtTa-BXPMGnuHPrA&amp;utm_source=oembed\"><\/iframe>\n<\/div><\/figure>\n<div class=\"syndication-links\"><\/div>","protected":false},"excerpt":{"rendered":"<p>Raumwelle: Elektronische Musik in all ihren Facetten Das Projekt Raumwelle steht f\u00fcr eine spannende Reise durch die Welten der elektronischen Musik, gepr\u00e4gt von Kreativit\u00e4t und klanglicher Vielfalt. Die Musik von Raumwelle kombiniert sph\u00e4rische Ambient-Sounds, Goa-Elemente und Einfl\u00fcsse aus Pop und anderen elektronischen Genres, um ein einzigartiges H\u00f6rerlebnis zu schaffen. Ein zentraler Bestandteil des Projekts ist &hellip; <a href=\"https:\/\/lautfunk.uber.space\/raumwelle\/\" class=\"more-link\"><span class=\"screen-reader-text\">\u201eWillkommen auf der Raumwelle Seite\u201c <\/span>weiterlesen<\/a><\/p>\n","protected":false},"author":1,"featured_media":1129,"parent":0,"menu_order":0,"comment_status":"closed","ping_status":"closed","template":"","meta":{"wikipediapreview_detectlinks":true,"wprm-recipe-roundup-name":"","wprm-recipe-roundup-description":"","mf2_syndication":[],"footnotes":""},"class_list":["post-9","page","type-page","status-publish","has-post-thumbnail","hentry"],"yoast_head":"<!-- This site is optimized with the Yoast SEO plugin v27.4 - https:\/\/yoast.com\/product\/yoast-seo-wordpress\/ -->\n<title>Willkommen auf der Raumwelle Seite - Raumwelle Musik<\/title>\n<meta name=\"description\" content=\"Raumwelle, aka Sascha Markmann, besch\u00e4ftigt sich mit der elektronischen Musik in den bereicen Ambient und PsyTance sowie Prograssiv Goa.\" \/>\n<meta name=\"robots\" content=\"index, follow, max-snippet:-1, max-image-preview:large, max-video-preview:-1\" \/>\n<link rel=\"canonical\" href=\"https:\/\/lautfunk.uber.space\/raumwelle\/\" \/>\n<meta property=\"og:locale\" content=\"de_DE\" \/>\n<meta property=\"og:type\" content=\"article\" \/>\n<meta property=\"og:title\" content=\"Willkommen auf der Raumwelle Seite - Raumwelle Musik\" \/>\n<meta property=\"og:description\" content=\"Raumwelle, aka Sascha Markmann, besch\u00e4ftigt sich mit der elektronischen Musik in den bereicen Ambient und PsyTance sowie Prograssiv Goa.\" \/>\n<meta property=\"og:url\" content=\"https:\/\/lautfunk.uber.space\/raumwelle\/\" \/>\n<meta property=\"og:site_name\" content=\"Raumwelle Musik\" \/>\n<meta property=\"article:publisher\" content=\"https:\/\/www.facebook.com\/sascha.markmann\" \/>\n<meta property=\"article:modified_time\" content=\"2025-02-28T21:47:04+00:00\" \/>\n<meta name=\"twitter:card\" content=\"summary_large_image\" \/>\n<meta name=\"twitter:image\" content=\"https:\/\/lautfunk.uber.space\/raumwelle\/wp-content\/uploads\/sites\/5\/2018\/07\/2017-02-23.jpg\" \/>\n<meta name=\"twitter:site\" content=\"@raumwelle\" \/>\n<meta name=\"twitter:label1\" content=\"Gesch\u00e4tzte Lesezeit\" \/>\n\t<meta name=\"twitter:data1\" content=\"2\u00a0Minuten\" \/>\n<script type=\"application\/ld+json\" class=\"yoast-schema-graph\">{\"@context\":\"https:\\\/\\\/schema.org\",\"@graph\":[{\"@type\":\"WebPage\",\"@id\":\"https:\\\/\\\/lautfunk.uber.space\\\/raumwelle\\\/\",\"url\":\"https:\\\/\\\/lautfunk.uber.space\\\/raumwelle\\\/\",\"name\":\"Willkommen auf der Raumwelle Seite - Raumwelle Musik\",\"isPartOf\":{\"@id\":\"https:\\\/\\\/lautfunk.uber.space\\\/raumwelle\\\/#website\"},\"primaryImageOfPage\":{\"@id\":\"https:\\\/\\\/lautfunk.uber.space\\\/raumwelle\\\/#primaryimage\"},\"image\":{\"@id\":\"https:\\\/\\\/lautfunk.uber.space\\\/raumwelle\\\/#primaryimage\"},\"thumbnailUrl\":\"https:\\\/\\\/lautfunk.uber.space\\\/raumwelle\\\/wp-content\\\/uploads\\\/sites\\\/5\\\/2024\\\/12\\\/Raumwellen.jpg\",\"datePublished\":\"2018-07-24T09:44:59+00:00\",\"dateModified\":\"2025-02-28T21:47:04+00:00\",\"description\":\"Raumwelle, aka Sascha Markmann, besch\u00e4ftigt sich mit der elektronischen Musik in den bereicen Ambient und PsyTance sowie Prograssiv Goa.\",\"breadcrumb\":{\"@id\":\"https:\\\/\\\/lautfunk.uber.space\\\/raumwelle\\\/#breadcrumb\"},\"inLanguage\":\"de\",\"potentialAction\":[{\"@type\":\"ReadAction\",\"target\":[\"https:\\\/\\\/lautfunk.uber.space\\\/raumwelle\\\/\"]}]},{\"@type\":\"ImageObject\",\"inLanguage\":\"de\",\"@id\":\"https:\\\/\\\/lautfunk.uber.space\\\/raumwelle\\\/#primaryimage\",\"url\":\"https:\\\/\\\/lautfunk.uber.space\\\/raumwelle\\\/wp-content\\\/uploads\\\/sites\\\/5\\\/2024\\\/12\\\/Raumwellen.jpg\",\"contentUrl\":\"https:\\\/\\\/lautfunk.uber.space\\\/raumwelle\\\/wp-content\\\/uploads\\\/sites\\\/5\\\/2024\\\/12\\\/Raumwellen.jpg\",\"width\":1024,\"height\":1024},{\"@type\":\"BreadcrumbList\",\"@id\":\"https:\\\/\\\/lautfunk.uber.space\\\/raumwelle\\\/#breadcrumb\",\"itemListElement\":[{\"@type\":\"ListItem\",\"position\":1,\"name\":\"Startseite\",\"item\":\"https:\\\/\\\/lautfunk.uber.space\\\/raumwelle\\\/\"},{\"@type\":\"ListItem\",\"position\":2,\"name\":\"Willkommen auf der Raumwelle Seite\"}]},{\"@type\":\"WebSite\",\"@id\":\"https:\\\/\\\/lautfunk.uber.space\\\/raumwelle\\\/#website\",\"url\":\"https:\\\/\\\/lautfunk.uber.space\\\/raumwelle\\\/\",\"name\":\"Raumwelle Musik\",\"description\":\"Musik von einen anderen Stern\",\"publisher\":{\"@id\":\"https:\\\/\\\/lautfunk.uber.space\\\/raumwelle\\\/#\\\/schema\\\/person\\\/eaaaeefee57a38cbe19f97caa2a20263\"},\"potentialAction\":[{\"@type\":\"SearchAction\",\"target\":{\"@type\":\"EntryPoint\",\"urlTemplate\":\"https:\\\/\\\/lautfunk.uber.space\\\/raumwelle\\\/?s={search_term_string}\"},\"query-input\":{\"@type\":\"PropertyValueSpecification\",\"valueRequired\":true,\"valueName\":\"search_term_string\"}}],\"inLanguage\":\"de\"},{\"@type\":[\"Person\",\"Organization\"],\"@id\":\"https:\\\/\\\/lautfunk.uber.space\\\/raumwelle\\\/#\\\/schema\\\/person\\\/eaaaeefee57a38cbe19f97caa2a20263\",\"name\":\"Sascha Markmann\",\"image\":{\"@type\":\"ImageObject\",\"inLanguage\":\"de\",\"@id\":\"https:\\\/\\\/lautfunk.uber.space\\\/raumwelle\\\/wp-content\\\/uploads\\\/sites\\\/5\\\/2018\\\/08\\\/20424197_1474132585976704_6882412338832920590_o.jpg\",\"url\":\"https:\\\/\\\/lautfunk.uber.space\\\/raumwelle\\\/wp-content\\\/uploads\\\/sites\\\/5\\\/2018\\\/08\\\/20424197_1474132585976704_6882412338832920590_o.jpg\",\"contentUrl\":\"https:\\\/\\\/lautfunk.uber.space\\\/raumwelle\\\/wp-content\\\/uploads\\\/sites\\\/5\\\/2018\\\/08\\\/20424197_1474132585976704_6882412338832920590_o.jpg\",\"width\":1080,\"height\":1080,\"caption\":\"Sascha Markmann\"},\"logo\":{\"@id\":\"https:\\\/\\\/lautfunk.uber.space\\\/raumwelle\\\/wp-content\\\/uploads\\\/sites\\\/5\\\/2018\\\/08\\\/20424197_1474132585976704_6882412338832920590_o.jpg\"},\"description\":\"Sascha Markmann ist ein kreativer Kopf mit bewegter Biografie: Informatiker, studierter Philosoph, Religionswissenschaftler und Psychologe \u2013 und gleichzeitig ein Mensch, der das Leben nach einem Schlaganfall ganz neu entdeckt hat. Nach Stationen als Rettungssanit\u00e4ter und Altenpfleger fand Sascha seinen Weg in die Welt des kreativen Ausdrucks: Als Blogger, Musiker, Podcaster, Philosoph und visueller Geschichtenerz\u00e4hler kombiniert er technisches Know-how mit emotionaler Tiefe und einem schr\u00e4gen Sinn f\u00fcr Humor. Seine Beitr\u00e4ge entstehen irgendwo zwischen Borderline, Acid Bassline und Beistand \u2013 ehrlich, direkt und gerne auch mal mit einem Augenzwinkern. Leitmotiv: \u201eAudiovisueller Stumpfsinn mit keinem Nutzwert \u2013 aber vielleicht genau deshalb so wertvoll.\u201c\",\"sameAs\":[\"https:\\\/\\\/lautfunk.uber.space\",\"https:\\\/\\\/www.facebook.com\\\/sascha.markmann\",\"https:\\\/\\\/www.instagram.com\\\/lautfunk\\\/\",\"https:\\\/\\\/www.linkedin.com\\\/in\\\/sascha-markmann-b46019137\\\/\",\"https:\\\/\\\/de.pinterest.com\\\/Raumwelle\\\/\",\"https:\\\/\\\/x.com\\\/raumwelle\",\"https:\\\/\\\/www.youtube.com\\\/user\\\/fellmensch\",\"https:\\\/\\\/www.tumblr.com\\\/lautfunk\"]}]}<\/script>\n<!-- \/ Yoast SEO plugin. -->","yoast_head_json":{"title":"Willkommen auf der Raumwelle Seite - Raumwelle Musik","description":"Raumwelle, aka Sascha Markmann, besch\u00e4ftigt sich mit der elektronischen Musik in den bereicen Ambient und PsyTance sowie Prograssiv Goa.","robots":{"index":"index","follow":"follow","max-snippet":"max-snippet:-1","max-image-preview":"max-image-preview:large","max-video-preview":"max-video-preview:-1"},"canonical":"https:\/\/lautfunk.uber.space\/raumwelle\/","og_locale":"de_DE","og_type":"article","og_title":"Willkommen auf der Raumwelle Seite - Raumwelle Musik","og_description":"Raumwelle, aka Sascha Markmann, besch\u00e4ftigt sich mit der elektronischen Musik in den bereicen Ambient und PsyTance sowie Prograssiv Goa.","og_url":"https:\/\/lautfunk.uber.space\/raumwelle\/","og_site_name":"Raumwelle Musik","article_publisher":"https:\/\/www.facebook.com\/sascha.markmann","article_modified_time":"2025-02-28T21:47:04+00:00","twitter_card":"summary_large_image","twitter_image":"https:\/\/lautfunk.uber.space\/raumwelle\/wp-content\/uploads\/sites\/5\/2018\/07\/2017-02-23.jpg","twitter_site":"@raumwelle","twitter_misc":{"Gesch\u00e4tzte Lesezeit":"2\u00a0Minuten"},"schema":{"@context":"https:\/\/schema.org","@graph":[{"@type":"WebPage","@id":"https:\/\/lautfunk.uber.space\/raumwelle\/","url":"https:\/\/lautfunk.uber.space\/raumwelle\/","name":"Willkommen auf der Raumwelle Seite - Raumwelle Musik","isPartOf":{"@id":"https:\/\/lautfunk.uber.space\/raumwelle\/#website"},"primaryImageOfPage":{"@id":"https:\/\/lautfunk.uber.space\/raumwelle\/#primaryimage"},"image":{"@id":"https:\/\/lautfunk.uber.space\/raumwelle\/#primaryimage"},"thumbnailUrl":"https:\/\/lautfunk.uber.space\/raumwelle\/wp-content\/uploads\/sites\/5\/2024\/12\/Raumwellen.jpg","datePublished":"2018-07-24T09:44:59+00:00","dateModified":"2025-02-28T21:47:04+00:00","description":"Raumwelle, aka Sascha Markmann, besch\u00e4ftigt sich mit der elektronischen Musik in den bereicen Ambient und PsyTance sowie Prograssiv Goa.","breadcrumb":{"@id":"https:\/\/lautfunk.uber.space\/raumwelle\/#breadcrumb"},"inLanguage":"de","potentialAction":[{"@type":"ReadAction","target":["https:\/\/lautfunk.uber.space\/raumwelle\/"]}]},{"@type":"ImageObject","inLanguage":"de","@id":"https:\/\/lautfunk.uber.space\/raumwelle\/#primaryimage","url":"https:\/\/lautfunk.uber.space\/raumwelle\/wp-content\/uploads\/sites\/5\/2024\/12\/Raumwellen.jpg","contentUrl":"https:\/\/lautfunk.uber.space\/raumwelle\/wp-content\/uploads\/sites\/5\/2024\/12\/Raumwellen.jpg","width":1024,"height":1024},{"@type":"BreadcrumbList","@id":"https:\/\/lautfunk.uber.space\/raumwelle\/#breadcrumb","itemListElement":[{"@type":"ListItem","position":1,"name":"Startseite","item":"https:\/\/lautfunk.uber.space\/raumwelle\/"},{"@type":"ListItem","position":2,"name":"Willkommen auf der Raumwelle Seite"}]},{"@type":"WebSite","@id":"https:\/\/lautfunk.uber.space\/raumwelle\/#website","url":"https:\/\/lautfunk.uber.space\/raumwelle\/","name":"Raumwelle Musik","description":"Musik von einen anderen Stern","publisher":{"@id":"https:\/\/lautfunk.uber.space\/raumwelle\/#\/schema\/person\/eaaaeefee57a38cbe19f97caa2a20263"},"potentialAction":[{"@type":"SearchAction","target":{"@type":"EntryPoint","urlTemplate":"https:\/\/lautfunk.uber.space\/raumwelle\/?s={search_term_string}"},"query-input":{"@type":"PropertyValueSpecification","valueRequired":true,"valueName":"search_term_string"}}],"inLanguage":"de"},{"@type":["Person","Organization"],"@id":"https:\/\/lautfunk.uber.space\/raumwelle\/#\/schema\/person\/eaaaeefee57a38cbe19f97caa2a20263","name":"Sascha Markmann","image":{"@type":"ImageObject","inLanguage":"de","@id":"https:\/\/lautfunk.uber.space\/raumwelle\/wp-content\/uploads\/sites\/5\/2018\/08\/20424197_1474132585976704_6882412338832920590_o.jpg","url":"https:\/\/lautfunk.uber.space\/raumwelle\/wp-content\/uploads\/sites\/5\/2018\/08\/20424197_1474132585976704_6882412338832920590_o.jpg","contentUrl":"https:\/\/lautfunk.uber.space\/raumwelle\/wp-content\/uploads\/sites\/5\/2018\/08\/20424197_1474132585976704_6882412338832920590_o.jpg","width":1080,"height":1080,"caption":"Sascha Markmann"},"logo":{"@id":"https:\/\/lautfunk.uber.space\/raumwelle\/wp-content\/uploads\/sites\/5\/2018\/08\/20424197_1474132585976704_6882412338832920590_o.jpg"},"description":"Sascha Markmann ist ein kreativer Kopf mit bewegter Biografie: Informatiker, studierter Philosoph, Religionswissenschaftler und Psychologe \u2013 und gleichzeitig ein Mensch, der das Leben nach einem Schlaganfall ganz neu entdeckt hat. Nach Stationen als Rettungssanit\u00e4ter und Altenpfleger fand Sascha seinen Weg in die Welt des kreativen Ausdrucks: Als Blogger, Musiker, Podcaster, Philosoph und visueller Geschichtenerz\u00e4hler kombiniert er technisches Know-how mit emotionaler Tiefe und einem schr\u00e4gen Sinn f\u00fcr Humor. Seine Beitr\u00e4ge entstehen irgendwo zwischen Borderline, Acid Bassline und Beistand \u2013 ehrlich, direkt und gerne auch mal mit einem Augenzwinkern. Leitmotiv: \u201eAudiovisueller Stumpfsinn mit keinem Nutzwert \u2013 aber vielleicht genau deshalb so wertvoll.\u201c","sameAs":["https:\/\/lautfunk.uber.space","https:\/\/www.facebook.com\/sascha.markmann","https:\/\/www.instagram.com\/lautfunk\/","https:\/\/www.linkedin.com\/in\/sascha-markmann-b46019137\/","https:\/\/de.pinterest.com\/Raumwelle\/","https:\/\/x.com\/raumwelle","https:\/\/www.youtube.com\/user\/fellmensch","https:\/\/www.tumblr.com\/lautfunk"]}]}},"jetpack_likes_enabled":true,"jetpack_sharing_enabled":true,"_links":{"self":[{"href":"https:\/\/lautfunk.uber.space\/raumwelle\/wp-json\/wp\/v2\/pages\/9","targetHints":{"allow":["GET"]}}],"collection":[{"href":"https:\/\/lautfunk.uber.space\/raumwelle\/wp-json\/wp\/v2\/pages"}],"about":[{"href":"https:\/\/lautfunk.uber.space\/raumwelle\/wp-json\/wp\/v2\/types\/page"}],"author":[{"embeddable":true,"href":"https:\/\/lautfunk.uber.space\/raumwelle\/wp-json\/wp\/v2\/users\/1"}],"replies":[{"embeddable":true,"href":"https:\/\/lautfunk.uber.space\/raumwelle\/wp-json\/wp\/v2\/comments?post=9"}],"version-history":[{"count":36,"href":"https:\/\/lautfunk.uber.space\/raumwelle\/wp-json\/wp\/v2\/pages\/9\/revisions"}],"predecessor-version":[{"id":1164,"href":"https:\/\/lautfunk.uber.space\/raumwelle\/wp-json\/wp\/v2\/pages\/9\/revisions\/1164"}],"wp:featuredmedia":[{"embeddable":true,"href":"https:\/\/lautfunk.uber.space\/raumwelle\/wp-json\/wp\/v2\/media\/1129"}],"wp:attachment":[{"href":"https:\/\/lautfunk.uber.space\/raumwelle\/wp-json\/wp\/v2\/media?parent=9"}],"curies":[{"name":"wp","href":"https:\/\/api.w.org\/{rel}","templated":true}]}}